{"id":563,"date":"2022-09-22T12:12:43","date_gmt":"2022-09-22T12:12:43","guid":{"rendered":"https:\/\/nordicbalaton.hu\/?page_id=563"},"modified":"2022-09-22T12:13:52","modified_gmt":"2022-09-22T12:13:52","slug":"impresszum","status":"publish","type":"page","link":"https:\/\/nordicbalaton.hu\/en\/impresszum\/","title":{"rendered":"Imprint"},"content":{"rendered":"<h2 class=\"wp-block-heading\"><strong>1. Impresszum<\/strong><\/h2>\n\n\n\n<p><strong>Webshop \u00fczemeltet\u0151:\u00a0<\/strong>\u00a0Botos Borbirtok Kft.<br><strong>Sz\u00e9khely:<\/strong>\u00a0 1054 Budapest, Szabads\u00e1g t\u00e9r 7. Citibank torony. \u00e9p. 10. em.<br><strong>E-mail:\u00a0<\/strong>\u00a0info@nordicbalaton.hu<a href=\"mailto:info@bernuskaa.hu\"><br><\/a><strong>Telefon:<\/strong> +36 70 367 07 45<br><strong>Ad\u00f3sz\u00e1m:<\/strong>\u00a027551475-2-41<br><strong>C\u00e9gjegyz\u00e9ksz\u00e1m:<\/strong> 01-09-394405<\/p>\n\n\n\n<h3 class=\"wp-block-heading\"><strong>1.1 T\u00e1rhelyszolg\u00e1ltat\u00f3:<\/strong><\/h3>\n\n\n\n<p>C\u00e9gn\u00e9v: Ev2 Internet Kft.<br>Sz\u00e9khely: 1149 Budapest, R\u00f3na \u00fat 120-122.<br>E-mail: info@ev2.hu<\/p>\n\n\n\n<h2 class=\"wp-block-heading\"><strong>2. Szerz\u0151i jogok<\/strong><\/h2>\n\n\n\n<p>A www.nordicbalaton.hu weboldalon (a tov\u00e1bbiakban: \u201eN\u00d8RDIC BALAT\u00d8N\u201d) tal\u00e1lhat\u00f3 valamennyi k\u00e9p, term\u00e9kfot\u00f3 csak az \u00dczemeltet\u0151 el\u0151zetes \u00edr\u00e1sbeli enged\u00e9ly\u00e9vel haszn\u00e1lhat\u00f3.<\/p>\n\n\n\n<p>A Weboldalon elhelyezett term\u00e9kek \u00a9 2022 N\u00d8RDIC BALAT\u00d8N<\/p>\n\n\n\n<p>Fot\u00f3k \u00e9s term\u00e9kfot\u00f3k \u00a9 2022 N\u00d8RDIC BALAT\u00d8N<\/p>\n\n\n\n<h2 class=\"wp-block-heading\"><\/h2>","protected":false},"excerpt":{"rendered":"<p>1. Impresszum Webshop \u00fczemeltet\u0151:\u00a0\u00a0Botos Borbirtok Kft.Sz\u00e9khely:\u00a0 1054 Budapest, Szabads\u00e1g t\u00e9r 7. Citibank torony. \u00e9p. 10. em.E-mail:\u00a0\u00a0info@nordicbalaton.huTelefon: +36 70 367 07 45Ad\u00f3sz\u00e1m:\u00a027551475-2-41C\u00e9gjegyz\u00e9ksz\u00e1m: 01-09-394405 1.1 T\u00e1rhelyszolg\u00e1ltat\u00f3: C\u00e9gn\u00e9v: Ev2 Internet Kft.Sz\u00e9khely: 1149 Budapest, R\u00f3na \u00fat 120-122.E-mail: info@ev2.hu 2. Szerz\u0151i jogok A www.nordicbalaton.hu weboldalon (a tov\u00e1bbiakban: \u201eN\u00d8RDIC BALAT\u00d8N\u201d) tal\u00e1lhat\u00f3 valamennyi k\u00e9p, term\u00e9kfot\u00f3 csak az [&hellip;]<\/p>","protected":false},"author":1,"featured_media":0,"parent":0,"menu_order":0,"comment_status":"closed","ping_status":"closed","template":"","meta":{"footnotes":""},"class_list":["post-563","page","type-page","status-publish","hentry"],"_links":{"self":[{"href":"https:\/\/nordicbalaton.hu\/en\/wp-json\/wp\/v2\/pages\/563","targetHints":{"allow":["GET"]}}],"collection":[{"href":"https:\/\/nordicbalaton.hu\/en\/wp-json\/wp\/v2\/pages"}],"about":[{"href":"https:\/\/nordicbalaton.hu\/en\/wp-json\/wp\/v2\/types\/page"}],"author":[{"embeddable":true,"href":"https:\/\/nordicbalaton.hu\/en\/wp-json\/wp\/v2\/users\/1"}],"replies":[{"embeddable":true,"href":"https:\/\/nordicbalaton.hu\/en\/wp-json\/wp\/v2\/comments?post=563"}],"version-history":[{"count":2,"href":"https:\/\/nordicbalaton.hu\/en\/wp-json\/wp\/v2\/pages\/563\/revisions"}],"predecessor-version":[{"id":565,"href":"https:\/\/nordicbalaton.hu\/en\/wp-json\/wp\/v2\/pages\/563\/revisions\/565"}],"wp:attachment":[{"href":"https:\/\/nordicbalaton.hu\/en\/wp-json\/wp\/v2\/media?parent=563"}],"curies":[{"name":"wp","href":"https:\/\/api.w.org\/{rel}","templated":true}]}}