{"id":32,"date":"2022-08-15T21:44:50","date_gmt":"2022-08-15T21:44:50","guid":{"rendered":"http:\/\/nordicbalaton.hu\/?page_id=32"},"modified":"2024-04-09T18:49:54","modified_gmt":"2024-04-09T18:49:54","slug":"foglalas","status":"publish","type":"page","link":"https:\/\/nordicbalaton.hu\/en\/foglalas\/","title":{"rendered":"BOOK A HOUSE"},"content":{"rendered":"<p><a href=\"https:\/\/ibe.sabeeapp.com\/properties\/N\u00d8RDIC-BALAT\u00d8N-foglal\u00e1s\/?p=bSpa46e6a66ce8b1124&amp;checkin=2023-01-11&amp;checkout=2023-01-12\" role=\"button\"><br \/>\nCLICK HERE FOR BOOKING<br \/>\n<\/a><\/p>\n<h1>\nPlease click the button above to get an exact offer!<\/h1>\n<p><strong>\u00c1prilis\/M\u00e1jus<\/strong><\/p>\n<p>Ebben az id\u0151szakban <strong>minimum 2 vagy 3 \u00e9jszak\u00e1t<\/strong> sz\u00fcks\u00e9ges foglalnod.<\/p>\n<p><strong>J\u00fanius<\/strong><\/p>\n<p>Ebben az id\u0151szakban <strong>minimum 3 vagy 4 \u00e9jszak\u00e1t<\/strong> sz\u00fcks\u00e9ges foglalnod.<\/p>\n<p><strong>J\u00falius\/Augusztus<\/strong><\/p>\n<p>Ebben az id\u0151szakban <strong>h\u00e9tf\u0151n \u00e9s kedden<\/strong>\u00a0<strong>minimum 3 \u00e9jszak\u00e1t, szerd\u00e1t\u00f3l minimum 4 \u00e9jszak\u00e1t \u00e9s cs\u00fct\u00f6rt\u00f6kt\u0151l minimum 5 \u00e9jszak\u00e1t<\/strong>\u00a0sz\u00fcks\u00e9ges foglalnod.<\/p>\n<p>BOOKING<b> INFORMATION<\/b><\/p>\n<p>Kiemelt id\u0151szakok:\u00a0k\u00e9rj\u00fck vedd figyelembe, hogy kar\u00e1csony, szilveszter, valentin nap, vagy hasonl\u00f3 nevezetes napokon egyedi foglal\u00e1si lehet\u0151s\u00e9gek vannak, melyeket megtal\u00e1lsz a napt\u00e1rban.<\/p>\n<p><b>Payment policy: <\/b>we can only finalize your booking when the accomodation fee arrives to our bank account. After the booking, you will receive an e-mail with the exact amount and our bank data. From the booking, you have 3 days to make the payment, otherwise our system will delete your reservation.<\/p>\n<p><b>Cancellation policy:<\/b> az \u00e9rkez\u00e9s napj\u00e1t megel\u0151z\u0151 15. napig t\u00f6rt\u00e9n\u0151 lemond\u00e1s eset\u00e9n a befizetett d\u00edj 50%-a visszat\u00e9r\u00edt\u00e9sre ker\u00fcl.\u00a015 napon bel\u00fcl t\u00f6rt\u00e9n\u0151 lemond\u00e1s eset\u00e9n a sz\u00e1ll\u00e1sd\u00edjat nem \u00e1ll m\u00f3dunkban visszafizetni.<\/p>\n<p><b>Pets:<\/b>\u00a0Your pets are welcomed in our Grand house (max. 10 kg). Please contact us with your request via e-mail.<\/p>\n<p><b>Check-in:<\/b>self-check in is available.<\/p>\n<h3>Check-out<\/h3>\n<p>by 10.00 AM<\/p>\n<h3>Check-in<\/h3>\n<p>from 15.00 PM<\/p>","protected":false},"excerpt":{"rendered":"<p>FOGLAL\u00c1SHOZ KATTINTS IDE K\u00e9rj\u00fck, hogy a pontos aj\u00e1nlatot a Foglal\u00e1s gombra kattintva tekintsd meg! \u00c1prilis\/M\u00e1jus Ebben az id\u0151szakban minimum 2 vagy 3 \u00e9jszak\u00e1t sz\u00fcks\u00e9ges foglalnod. J\u00fanius Ebben az id\u0151szakban minimum 3 vagy 4 \u00e9jszak\u00e1t sz\u00fcks\u00e9ges foglalnod. J\u00falius\/Augusztus Ebben az id\u0151szakban h\u00e9tf\u0151n \u00e9s kedden\u00a0minimum 3 \u00e9jszak\u00e1t, szerd\u00e1t\u00f3l minimum 4 \u00e9jszak\u00e1t \u00e9s [&hellip;]<\/p>","protected":false},"author":1,"featured_media":0,"parent":0,"menu_order":0,"comment_status":"closed","ping_status":"closed","template":"","meta":{"footnotes":""},"class_list":["post-32","page","type-page","status-publish","hentry"],"_links":{"self":[{"href":"https:\/\/nordicbalaton.hu\/en\/wp-json\/wp\/v2\/pages\/32","targetHints":{"allow":["GET"]}}],"collection":[{"href":"https:\/\/nordicbalaton.hu\/en\/wp-json\/wp\/v2\/pages"}],"about":[{"href":"https:\/\/nordicbalaton.hu\/en\/wp-json\/wp\/v2\/types\/page"}],"author":[{"embeddable":true,"href":"https:\/\/nordicbalaton.hu\/en\/wp-json\/wp\/v2\/users\/1"}],"replies":[{"embeddable":true,"href":"https:\/\/nordicbalaton.hu\/en\/wp-json\/wp\/v2\/comments?post=32"}],"version-history":[{"count":275,"href":"https:\/\/nordicbalaton.hu\/en\/wp-json\/wp\/v2\/pages\/32\/revisions"}],"predecessor-version":[{"id":1720,"href":"https:\/\/nordicbalaton.hu\/en\/wp-json\/wp\/v2\/pages\/32\/revisions\/1720"}],"wp:attachment":[{"href":"https:\/\/nordicbalaton.hu\/en\/wp-json\/wp\/v2\/media?parent=32"}],"curies":[{"name":"wp","href":"https:\/\/api.w.org\/{rel}","templated":true}]}}